{"id":1669,"date":"2020-01-25T06:20:29","date_gmt":"2020-01-25T05:20:29","guid":{"rendered":"https:\/\/www.zeterinaires.fr\/nofakemed\/?page_id=1669"},"modified":"2026-03-01T12:45:16","modified_gmt":"2026-03-01T11:45:16","slug":"adhesion","status":"publish","type":"page","link":"https:\/\/www.zeterinaires.fr\/nofakemed\/adhesion\/","title":{"rendered":"Adh\u00e9sion"},"content":{"rendered":"\n<h2 class=\"wp-block-heading\"><a href=\"https:\/\/www.helloasso.com\/associations\/les-zeterinaires\/adhesions\/campagne-2026\">Campagne d&rsquo;adh\u00e9sion 2026<\/a><\/h2>\n\n\n<table style=\"max-width: 780px; margin: 15px 0px; width: 86%;\">\n<tbody>\n<tr>\n<th style=\"width: 74.7338%;\">\u00a0<\/th>\n<th style=\"width: 54.5718%;\">\n<p style=\"text-align: center;\"><strong>Tarifs adh\u00e9sion<br \/>(1 an, du 1er janvier au 31 d\u00e9cembre)<\/strong><\/p>\n<\/th>\n<\/tr>\n<tr>\n<td style=\"width: 74.7338%;\">\n<p style=\"text-align: left;\"><strong>V\u00e9t\u00e9rinaires, retrait\u00e9s v\u00e9t\u00e9rinaires et sympathisants<\/strong><\/p>\n<\/td>\n<td style=\"width: 54.5718%;\">\n<p style=\"text-align: center;\"><strong>25 \u20ac<\/strong><\/p>\n<\/td>\n<\/tr>\n<tr>\n<td style=\"width: 74.7338%;\">\n<p style=\"text-align: left;\"><strong>Etudiant v\u00e9t\u00e9rinaire :<\/strong><\/p>\n<\/td>\n<td style=\"width: 54.5718%;\">\n<p style=\"text-align: center;\"><strong>5 \u20ac<\/strong><\/p>\n<\/td>\n<\/tr>\n<tr>\n<td style=\"width: 74.7338%;\">\n<p><strong>Sp\u00e9cial \u00e9tudiant : <\/strong>inscription gratuite permettant de nous rejoindre sur nos canaux de discussion*<br \/><em>* ne donne pas acc\u00e8s aux votes en assembl\u00e9e g\u00e9n\u00e9rale.<\/em><\/p>\n<\/td>\n<td style=\"width: 54.5718%;\">\n<p style=\"text-align: center;\"><strong>Gratuit<\/strong><\/p>\n<\/td>\n<\/tr>\n<\/tbody>\n<\/table>\n<p>L&rsquo;association Les Z\u00e9t\u00e9rinaires a pour objet social l\u2019\u00e9tude, la mise en \u0153uvre et la gestion de tous moyens visant :<\/p>\n<ul>\n<li>la d\u00e9fense et la promotion de la d\u00e9marche scientifique, de l\u2019esprit critique et de la m\u00e9decine bas\u00e9e sur les preuves au sein de la profession v\u00e9t\u00e9rinaire (EBVM, <em>Evidence Based Veterinary Medecine<\/em>) ;<\/li>\n<li>la diffusion d\u2019informations claires et objectives sur l\u2019\u00e9tat des connaissances scientifiques dans le domaine v\u00e9t\u00e9rinaire ;<\/li>\n<li>l\u2019am\u00e9lioration permanente des services rendus pour la qualit\u00e9 des fili\u00e8res animales et de la sant\u00e9 publique ;<\/li>\n<li>la lutte active contre les pratiques de soins non scientifiques, d\u00e9l\u00e9t\u00e8res, ali\u00e9nantes ou\u00a0sectaires.<\/li>\n<\/ul>\n<p>La premi\u00e8re action de cette association a \u00e9t\u00e9 la diffusion d&rsquo;une lettre ouverte \u00e0 destination du CNOV demandant des \u00e9claircissements d\u00e9ontologiques sur la pratique et la promotion de l&rsquo;hom\u00e9opathie. Nous avons aussi commenc\u00e9 un travail de cr\u00e9ation d&rsquo;articles en lien avec nos objectifs (vulgarisation scientifique, lecture critique d&rsquo;articles, billets d&rsquo;humeur&#8230;).<\/p>\n<p>En adh\u00e9rant, vous participerez \u00e0 la mise en action de nos projets (conf\u00e9rences dans les \u00e9coles v\u00e9t\u00e9rinaires, mise en ligne d&rsquo;une biblio sur les fakemed, analyses critiques des nouvelles th\u00e9rapeutiques &#8230;). Vous aurez aussi la possibilit\u00e9 de nous rejoindre sur nos canaux de discussion pour vous joindre \u00e0 nos projets ou d\u00e9velopper les v\u00f4tres.<\/p>\n<div style=\"text-align: center; margin-top: 20px;\">\t\t\t<iframe\n\t\t\t\tid=\"idIframe\"\n\t\t\t\tsrc=\"https:\/\/www.helloasso.com\/associations\/les-zeterinaires\/adhesions\/campagne-2026\/widget-vignette\"\n\t\t\t\theight=450px\"\t\t\t\twidth=350px\"\t\t\t\tframeborder=\"0\"\n\t\t\t\tloading=\"lazy\"\n\t\t\t\tallowtransparency=\"true\"\n\t\t\t\tonload=\"resizeIframeMessage()\"><\/iframe>\n<\/div>","protected":false},"excerpt":{"rendered":"<p>Campagne d&rsquo;adh\u00e9sion 2026 \u00a0 Tarifs adh\u00e9sion(1 an, du 1er janvier au 31 d\u00e9cembre) V\u00e9t\u00e9rinaires, retrait\u00e9s v\u00e9t\u00e9rinaires et sympathisants 25 \u20ac Etudiant v\u00e9t\u00e9rinaire : 5 \u20ac Sp\u00e9cial \u00e9tudiant : inscription gratuite permettant de nous rejoindre sur nos canaux de discussion** ne donne pas acc\u00e8s aux votes en assembl\u00e9e g\u00e9n\u00e9rale. Gratuit L&rsquo;association Les Z\u00e9t\u00e9rinaires a pour objet&hellip;<\/p>\n","protected":false},"author":7,"featured_media":1702,"parent":0,"menu_order":0,"comment_status":"closed","ping_status":"closed","template":"","meta":{"iawp_total_views":180,"footnotes":""},"class_list":["post-1669","page","type-page","status-publish","has-post-thumbnail","hentry"],"yoast_head":"<!-- This site is optimized with the Yoast SEO plugin v27.3 - https:\/\/yoast.com\/product\/yoast-seo-wordpress\/ -->\n<title>Adh\u00e9sion - Z\u00e9t\u00e9rinaires<\/title>\n<meta name=\"robots\" content=\"index, follow, max-snippet:-1, max-image-preview:large, max-video-preview:-1\" \/>\n<link rel=\"canonical\" href=\"https:\/\/www.zeterinaires.fr\/nofakemed\/adhesion\/\" \/>\n<meta property=\"og:locale\" content=\"fr_FR\" \/>\n<meta property=\"og:type\" content=\"article\" \/>\n<meta property=\"og:title\" content=\"Adh\u00e9sion - Z\u00e9t\u00e9rinaires\" \/>\n<meta property=\"og:description\" content=\"Campagne d&rsquo;adh\u00e9sion 2026 \u00a0 Tarifs adh\u00e9sion(1 an, du 1er janvier au 31 d\u00e9cembre) V\u00e9t\u00e9rinaires, retrait\u00e9s v\u00e9t\u00e9rinaires et sympathisants 25 \u20ac Etudiant v\u00e9t\u00e9rinaire : 5 \u20ac Sp\u00e9cial \u00e9tudiant : inscription gratuite permettant de nous rejoindre sur nos canaux de discussion** ne donne pas acc\u00e8s aux votes en assembl\u00e9e g\u00e9n\u00e9rale. Gratuit L&rsquo;association Les Z\u00e9t\u00e9rinaires a pour objet&hellip;\" \/>\n<meta property=\"og:url\" content=\"https:\/\/www.zeterinaires.fr\/nofakemed\/adhesion\/\" \/>\n<meta property=\"og:site_name\" content=\"Z\u00e9t\u00e9rinaires\" \/>\n<meta property=\"article:publisher\" content=\"https:\/\/www.facebook.com\/zeterinaires\/\" \/>\n<meta property=\"article:modified_time\" content=\"2026-03-01T11:45:16+00:00\" \/>\n<meta property=\"og:image\" content=\"https:\/\/www.zeterinaires.fr\/nofakemed\/wp-content\/uploads\/2020\/01\/pret_a_nous_rejoindre.jpg\" \/>\n\t<meta property=\"og:image:width\" content=\"822\" \/>\n\t<meta property=\"og:image:height\" content=\"234\" \/>\n\t<meta property=\"og:image:type\" content=\"image\/jpeg\" \/>\n<meta name=\"twitter:card\" content=\"summary_large_image\" \/>\n<meta name=\"twitter:site\" content=\"@zeterinaires\" \/>\n<meta name=\"twitter:label1\" content=\"Dur\u00e9e de lecture estim\u00e9e\" \/>\n\t<meta name=\"twitter:data1\" content=\"2 minutes\" \/>\n<script type=\"application\/ld+json\" class=\"yoast-schema-graph\">{\"@context\":\"https:\\\/\\\/schema.org\",\"@graph\":[{\"@type\":\"WebPage\",\"@id\":\"https:\\\/\\\/www.zeterinaires.fr\\\/nofakemed\\\/adhesion\\\/\",\"url\":\"https:\\\/\\\/www.zeterinaires.fr\\\/nofakemed\\\/adhesion\\\/\",\"name\":\"Adh\u00e9sion - Z\u00e9t\u00e9rinaires\",\"isPartOf\":{\"@id\":\"https:\\\/\\\/www.zeterinaires.fr\\\/nofakemed\\\/#website\"},\"primaryImageOfPage\":{\"@id\":\"https:\\\/\\\/www.zeterinaires.fr\\\/nofakemed\\\/adhesion\\\/#primaryimage\"},\"image\":{\"@id\":\"https:\\\/\\\/www.zeterinaires.fr\\\/nofakemed\\\/adhesion\\\/#primaryimage\"},\"thumbnailUrl\":\"https:\\\/\\\/www.zeterinaires.fr\\\/nofakemed\\\/wp-content\\\/uploads\\\/2020\\\/01\\\/pret_a_nous_rejoindre.jpg\",\"datePublished\":\"2020-01-25T05:20:29+00:00\",\"dateModified\":\"2026-03-01T11:45:16+00:00\",\"breadcrumb\":{\"@id\":\"https:\\\/\\\/www.zeterinaires.fr\\\/nofakemed\\\/adhesion\\\/#breadcrumb\"},\"inLanguage\":\"fr-FR\",\"potentialAction\":[{\"@type\":\"ReadAction\",\"target\":[\"https:\\\/\\\/www.zeterinaires.fr\\\/nofakemed\\\/adhesion\\\/\"]}]},{\"@type\":\"ImageObject\",\"inLanguage\":\"fr-FR\",\"@id\":\"https:\\\/\\\/www.zeterinaires.fr\\\/nofakemed\\\/adhesion\\\/#primaryimage\",\"url\":\"https:\\\/\\\/www.zeterinaires.fr\\\/nofakemed\\\/wp-content\\\/uploads\\\/2020\\\/01\\\/pret_a_nous_rejoindre.jpg\",\"contentUrl\":\"https:\\\/\\\/www.zeterinaires.fr\\\/nofakemed\\\/wp-content\\\/uploads\\\/2020\\\/01\\\/pret_a_nous_rejoindre.jpg\",\"width\":822,\"height\":234},{\"@type\":\"BreadcrumbList\",\"@id\":\"https:\\\/\\\/www.zeterinaires.fr\\\/nofakemed\\\/adhesion\\\/#breadcrumb\",\"itemListElement\":[{\"@type\":\"ListItem\",\"position\":1,\"name\":\"Accueil\",\"item\":\"https:\\\/\\\/www.zeterinaires.fr\\\/nofakemed\\\/\"},{\"@type\":\"ListItem\",\"position\":2,\"name\":\"Adh\u00e9sion\"}]},{\"@type\":\"WebSite\",\"@id\":\"https:\\\/\\\/www.zeterinaires.fr\\\/nofakemed\\\/#website\",\"url\":\"https:\\\/\\\/www.zeterinaires.fr\\\/nofakemed\\\/\",\"name\":\"Z\u00e9t\u00e9rinaires\",\"description\":\"Collectif V\u00e9t\u00e9rinaire #NoFakeMed\",\"publisher\":{\"@id\":\"https:\\\/\\\/www.zeterinaires.fr\\\/nofakemed\\\/#organization\"},\"potentialAction\":[{\"@type\":\"SearchAction\",\"target\":{\"@type\":\"EntryPoint\",\"urlTemplate\":\"https:\\\/\\\/www.zeterinaires.fr\\\/nofakemed\\\/?s={search_term_string}\"},\"query-input\":{\"@type\":\"PropertyValueSpecification\",\"valueRequired\":true,\"valueName\":\"search_term_string\"}}],\"inLanguage\":\"fr-FR\"},{\"@type\":\"Organization\",\"@id\":\"https:\\\/\\\/www.zeterinaires.fr\\\/nofakemed\\\/#organization\",\"name\":\"Z\u00e9t\u00e9rinaires\",\"url\":\"https:\\\/\\\/www.zeterinaires.fr\\\/nofakemed\\\/\",\"logo\":{\"@type\":\"ImageObject\",\"inLanguage\":\"fr-FR\",\"@id\":\"https:\\\/\\\/www.zeterinaires.fr\\\/nofakemed\\\/#\\\/schema\\\/logo\\\/image\\\/\",\"url\":\"https:\\\/\\\/www.zeterinaires.fr\\\/nofakemed\\\/wp-content\\\/uploads\\\/2020\\\/03\\\/cropped-LOGO_ZETES_NEW_PETIT.png\",\"contentUrl\":\"https:\\\/\\\/www.zeterinaires.fr\\\/nofakemed\\\/wp-content\\\/uploads\\\/2020\\\/03\\\/cropped-LOGO_ZETES_NEW_PETIT.png\",\"width\":200,\"height\":116,\"caption\":\"Z\u00e9t\u00e9rinaires\"},\"image\":{\"@id\":\"https:\\\/\\\/www.zeterinaires.fr\\\/nofakemed\\\/#\\\/schema\\\/logo\\\/image\\\/\"},\"sameAs\":[\"https:\\\/\\\/www.facebook.com\\\/zeterinaires\\\/\",\"https:\\\/\\\/x.com\\\/zeterinaires\"]}]}<\/script>\n<!-- \/ Yoast SEO plugin. -->","yoast_head_json":{"title":"Adh\u00e9sion - Z\u00e9t\u00e9rinaires","robots":{"index":"index","follow":"follow","max-snippet":"max-snippet:-1","max-image-preview":"max-image-preview:large","max-video-preview":"max-video-preview:-1"},"canonical":"https:\/\/www.zeterinaires.fr\/nofakemed\/adhesion\/","og_locale":"fr_FR","og_type":"article","og_title":"Adh\u00e9sion - Z\u00e9t\u00e9rinaires","og_description":"Campagne d&rsquo;adh\u00e9sion 2026 \u00a0 Tarifs adh\u00e9sion(1 an, du 1er janvier au 31 d\u00e9cembre) V\u00e9t\u00e9rinaires, retrait\u00e9s v\u00e9t\u00e9rinaires et sympathisants 25 \u20ac Etudiant v\u00e9t\u00e9rinaire : 5 \u20ac Sp\u00e9cial \u00e9tudiant : inscription gratuite permettant de nous rejoindre sur nos canaux de discussion** ne donne pas acc\u00e8s aux votes en assembl\u00e9e g\u00e9n\u00e9rale. Gratuit L&rsquo;association Les Z\u00e9t\u00e9rinaires a pour objet&hellip;","og_url":"https:\/\/www.zeterinaires.fr\/nofakemed\/adhesion\/","og_site_name":"Z\u00e9t\u00e9rinaires","article_publisher":"https:\/\/www.facebook.com\/zeterinaires\/","article_modified_time":"2026-03-01T11:45:16+00:00","og_image":[{"width":822,"height":234,"url":"https:\/\/www.zeterinaires.fr\/nofakemed\/wp-content\/uploads\/2020\/01\/pret_a_nous_rejoindre.jpg","type":"image\/jpeg"}],"twitter_card":"summary_large_image","twitter_site":"@zeterinaires","twitter_misc":{"Dur\u00e9e de lecture estim\u00e9e":"2 minutes"},"schema":{"@context":"https:\/\/schema.org","@graph":[{"@type":"WebPage","@id":"https:\/\/www.zeterinaires.fr\/nofakemed\/adhesion\/","url":"https:\/\/www.zeterinaires.fr\/nofakemed\/adhesion\/","name":"Adh\u00e9sion - Z\u00e9t\u00e9rinaires","isPartOf":{"@id":"https:\/\/www.zeterinaires.fr\/nofakemed\/#website"},"primaryImageOfPage":{"@id":"https:\/\/www.zeterinaires.fr\/nofakemed\/adhesion\/#primaryimage"},"image":{"@id":"https:\/\/www.zeterinaires.fr\/nofakemed\/adhesion\/#primaryimage"},"thumbnailUrl":"https:\/\/www.zeterinaires.fr\/nofakemed\/wp-content\/uploads\/2020\/01\/pret_a_nous_rejoindre.jpg","datePublished":"2020-01-25T05:20:29+00:00","dateModified":"2026-03-01T11:45:16+00:00","breadcrumb":{"@id":"https:\/\/www.zeterinaires.fr\/nofakemed\/adhesion\/#breadcrumb"},"inLanguage":"fr-FR","potentialAction":[{"@type":"ReadAction","target":["https:\/\/www.zeterinaires.fr\/nofakemed\/adhesion\/"]}]},{"@type":"ImageObject","inLanguage":"fr-FR","@id":"https:\/\/www.zeterinaires.fr\/nofakemed\/adhesion\/#primaryimage","url":"https:\/\/www.zeterinaires.fr\/nofakemed\/wp-content\/uploads\/2020\/01\/pret_a_nous_rejoindre.jpg","contentUrl":"https:\/\/www.zeterinaires.fr\/nofakemed\/wp-content\/uploads\/2020\/01\/pret_a_nous_rejoindre.jpg","width":822,"height":234},{"@type":"BreadcrumbList","@id":"https:\/\/www.zeterinaires.fr\/nofakemed\/adhesion\/#breadcrumb","itemListElement":[{"@type":"ListItem","position":1,"name":"Accueil","item":"https:\/\/www.zeterinaires.fr\/nofakemed\/"},{"@type":"ListItem","position":2,"name":"Adh\u00e9sion"}]},{"@type":"WebSite","@id":"https:\/\/www.zeterinaires.fr\/nofakemed\/#website","url":"https:\/\/www.zeterinaires.fr\/nofakemed\/","name":"Z\u00e9t\u00e9rinaires","description":"Collectif V\u00e9t\u00e9rinaire #NoFakeMed","publisher":{"@id":"https:\/\/www.zeterinaires.fr\/nofakemed\/#organization"},"potentialAction":[{"@type":"SearchAction","target":{"@type":"EntryPoint","urlTemplate":"https:\/\/www.zeterinaires.fr\/nofakemed\/?s={search_term_string}"},"query-input":{"@type":"PropertyValueSpecification","valueRequired":true,"valueName":"search_term_string"}}],"inLanguage":"fr-FR"},{"@type":"Organization","@id":"https:\/\/www.zeterinaires.fr\/nofakemed\/#organization","name":"Z\u00e9t\u00e9rinaires","url":"https:\/\/www.zeterinaires.fr\/nofakemed\/","logo":{"@type":"ImageObject","inLanguage":"fr-FR","@id":"https:\/\/www.zeterinaires.fr\/nofakemed\/#\/schema\/logo\/image\/","url":"https:\/\/www.zeterinaires.fr\/nofakemed\/wp-content\/uploads\/2020\/03\/cropped-LOGO_ZETES_NEW_PETIT.png","contentUrl":"https:\/\/www.zeterinaires.fr\/nofakemed\/wp-content\/uploads\/2020\/03\/cropped-LOGO_ZETES_NEW_PETIT.png","width":200,"height":116,"caption":"Z\u00e9t\u00e9rinaires"},"image":{"@id":"https:\/\/www.zeterinaires.fr\/nofakemed\/#\/schema\/logo\/image\/"},"sameAs":["https:\/\/www.facebook.com\/zeterinaires\/","https:\/\/x.com\/zeterinaires"]}]}},"_links":{"self":[{"href":"https:\/\/www.zeterinaires.fr\/nofakemed\/wp-json\/wp\/v2\/pages\/1669","targetHints":{"allow":["GET"]}}],"collection":[{"href":"https:\/\/www.zeterinaires.fr\/nofakemed\/wp-json\/wp\/v2\/pages"}],"about":[{"href":"https:\/\/www.zeterinaires.fr\/nofakemed\/wp-json\/wp\/v2\/types\/page"}],"author":[{"embeddable":true,"href":"https:\/\/www.zeterinaires.fr\/nofakemed\/wp-json\/wp\/v2\/users\/7"}],"replies":[{"embeddable":true,"href":"https:\/\/www.zeterinaires.fr\/nofakemed\/wp-json\/wp\/v2\/comments?post=1669"}],"version-history":[{"count":9,"href":"https:\/\/www.zeterinaires.fr\/nofakemed\/wp-json\/wp\/v2\/pages\/1669\/revisions"}],"predecessor-version":[{"id":3537,"href":"https:\/\/www.zeterinaires.fr\/nofakemed\/wp-json\/wp\/v2\/pages\/1669\/revisions\/3537"}],"wp:featuredmedia":[{"embeddable":true,"href":"https:\/\/www.zeterinaires.fr\/nofakemed\/wp-json\/wp\/v2\/media\/1702"}],"wp:attachment":[{"href":"https:\/\/www.zeterinaires.fr\/nofakemed\/wp-json\/wp\/v2\/media?parent=1669"}],"curies":[{"name":"wp","href":"https:\/\/api.w.org\/{rel}","templated":true}]}}