{"id":455,"date":"2019-04-07T10:48:26","date_gmt":"2019-04-07T08:48:26","guid":{"rendered":"https:\/\/www.zeterinaires.fr\/nofakemed\/?page_id=455"},"modified":"2020-04-08T12:51:33","modified_gmt":"2020-04-08T10:51:33","slug":"contact","status":"publish","type":"page","link":"https:\/\/www.zeterinaires.fr\/nofakemed\/contact\/","title":{"rendered":"Contact"},"content":{"rendered":"\t\t<div data-elementor-type=\"wp-post\" data-elementor-id=\"455\" class=\"elementor elementor-455\">\n\t\t\t\t\t\t<section class=\"elementor-section elementor-top-section elementor-element elementor-element-e4cfa49 elementor-section-boxed elementor-section-height-default elementor-section-height-default\" data-id=\"e4cfa49\" data-element_type=\"section\" data-e-type=\"section\">\n\t\t\t\t\t\t<div class=\"elementor-container elementor-column-gap-default\">\n\t\t\t\t\t<div class=\"elementor-column elementor-col-100 elementor-top-column elementor-element elementor-element-b7fb838\" data-id=\"b7fb838\" data-element_type=\"column\" data-e-type=\"column\">\n\t\t\t<div class=\"elementor-widget-wrap elementor-element-populated\">\n\t\t\t\t\t\t<div class=\"elementor-element elementor-element-07a185f elementor-widget elementor-widget-text-editor\" data-id=\"07a185f\" data-element_type=\"widget\" data-e-type=\"widget\" data-widget_type=\"text-editor.default\">\n\t\t\t\t<div class=\"elementor-widget-container\">\n\t\t\t\t\t\t\t\t\t<h4><span style=\"color: #ff0000;\">Ce formulaire permet de contacter le collectif Z\u00e9t\u00e9rinaires. Aucune r\u00e9ponse ne sera donn\u00e9e pour toute question concernant un cas m\u00e9dical particulier. Si vous vous souhaitez avoir un avis m\u00e9dical v\u00e9t\u00e9rinaire, prenez directement contact avec votre v\u00e9t\u00e9rinaire.<\/span><\/h4>\t\t\t\t\t\t\t\t<\/div>\n\t\t\t\t<\/div>\n\t\t\t\t\t<\/div>\n\t\t<\/div>\n\t\t\t\t\t<\/div>\n\t\t<\/section>\n\t\t\t\t<section class=\"elementor-section elementor-top-section elementor-element elementor-element-edc0d6a elementor-section-boxed elementor-section-height-default elementor-section-height-default\" data-id=\"edc0d6a\" data-element_type=\"section\" data-e-type=\"section\" data-settings=\"{&quot;background_background&quot;:&quot;classic&quot;}\">\n\t\t\t\t\t\t<div class=\"elementor-container elementor-column-gap-default\">\n\t\t\t\t\t<div class=\"elementor-column elementor-col-100 elementor-top-column elementor-element elementor-element-43efe44\" data-id=\"43efe44\" data-element_type=\"column\" data-e-type=\"column\">\n\t\t\t<div class=\"elementor-widget-wrap elementor-element-populated\">\n\t\t\t\t\t\t<div class=\"elementor-element elementor-element-90322c2 elementor-widget elementor-widget-text-editor\" data-id=\"90322c2\" data-element_type=\"widget\" data-e-type=\"widget\" data-widget_type=\"text-editor.default\">\n\t\t\t\t<div class=\"elementor-widget-container\">\n\t\t\t\t\t\t\t\t\t\n<div class=\"wpcf7 no-js\" id=\"wpcf7-f454-o1\" lang=\"fr-FR\" dir=\"ltr\" data-wpcf7-id=\"454\">\n<div class=\"screen-reader-response\"><p role=\"status\" aria-live=\"polite\" aria-atomic=\"true\"><\/p> <ul><\/ul><\/div>\n<form action=\"\/nofakemed\/wp-json\/wp\/v2\/pages\/455#wpcf7-f454-o1\" method=\"post\" class=\"wpcf7-form init\" aria-label=\"Formulaire de contact\" novalidate=\"novalidate\" data-status=\"init\">\n<fieldset class=\"hidden-fields-container\"><input type=\"hidden\" name=\"_wpcf7\" value=\"454\" \/><input type=\"hidden\" name=\"_wpcf7_version\" value=\"6.1.5\" \/><input type=\"hidden\" name=\"_wpcf7_locale\" value=\"fr_FR\" \/><input type=\"hidden\" name=\"_wpcf7_unit_tag\" value=\"wpcf7-f454-o1\" \/><input type=\"hidden\" name=\"_wpcf7_container_post\" value=\"0\" \/><input type=\"hidden\" name=\"_wpcf7_posted_data_hash\" value=\"\" \/>\n<\/fieldset>\n<p><label> Votre nom (obligatoire)<br \/>\n<span class=\"wpcf7-form-control-wrap\" data-name=\"your-name\"><input size=\"40\" maxlength=\"400\" class=\"wpcf7-form-control wpcf7-text wpcf7-validates-as-required\" aria-required=\"true\" aria-invalid=\"false\" value=\"\" type=\"text\" name=\"your-name\" \/><\/span> <\/label>\n<\/p>\n<p><label> Votre adresse de messagerie (obligatoire)<br \/>\n<span class=\"wpcf7-form-control-wrap\" data-name=\"your-email\"><input size=\"40\" maxlength=\"400\" class=\"wpcf7-form-control wpcf7-email wpcf7-validates-as-required wpcf7-text wpcf7-validates-as-email\" aria-required=\"true\" aria-invalid=\"false\" value=\"\" type=\"email\" name=\"your-email\" \/><\/span> <\/label>\n<\/p>\n<p><label> Objet<br \/>\n<span class=\"wpcf7-form-control-wrap\" data-name=\"your-subject\"><input size=\"40\" maxlength=\"400\" class=\"wpcf7-form-control wpcf7-text\" aria-invalid=\"false\" value=\"\" type=\"text\" name=\"your-subject\" \/><\/span> <\/label>\n<\/p>\n<p><label> Votre message<br \/>\n<span class=\"wpcf7-form-control-wrap\" data-name=\"your-message\"><textarea cols=\"40\" rows=\"10\" maxlength=\"2000\" class=\"wpcf7-form-control wpcf7-textarea\" aria-invalid=\"false\" name=\"your-message\"><\/textarea><\/span> <\/label>\n<\/p>\n<p><input class=\"wpcf7-form-control wpcf7-submit has-spinner\" type=\"submit\" value=\"Envoyer\" \/>\n<\/p>\n<p><div class=\"cf7-cf-turnstile\" style=\"margin-top: 0px; margin-bottom: -15px;\"> <div id=\"cf-turnstile-cf7-442269592\" class=\"cf-turnstile\" data-sitekey=\"0x4AAAAAAADCxArC4YgDgJo-\" data-theme=\"light\" data-language=\"auto\" data-size=\"normal\" data-retry=\"auto\" data-retry-interval=\"1000\" data-refresh-expired=\"auto\" data-refresh-timeout=\"auto\" data-action=\"contact-form-7\" data-callback=\"turnstileCF7Callback\" data-appearance=\"always\"><\/div> <script>document.addEventListener(\"DOMContentLoaded\", function() { setTimeout(function(){ var e=document.getElementById(\"cf-turnstile-cf7-442269592\"); if(e&&!e.innerHTML.trim()){turnstile.render(e, {sitekey:\"0x4AAAAAAADCxArC4YgDgJo-\"});} }, 200); });<\/script> <br class=\"cf-turnstile-br cf-turnstile-br-cf7-442269592\"> <style>#cf-turnstile-cf7-442269592 { margin-left: -15px; }<\/style> <script>document.addEventListener(\"DOMContentLoaded\",function(){document.querySelectorAll('.wpcf7-form').forEach(function(e){e.addEventListener('submit',function(){if(document.getElementById('cf-turnstile-cf7-442269592')){setTimeout(function(){turnstile.reset('#cf-turnstile-cf7-442269592');},1000)}})})});<\/script> <\/div>\n<\/p><p style=\"display: none !important;\" class=\"akismet-fields-container\" data-prefix=\"_wpcf7_ak_\"><label>&#916;<textarea name=\"_wpcf7_ak_hp_textarea\" cols=\"45\" rows=\"8\" maxlength=\"100\"><\/textarea><\/label><input type=\"hidden\" id=\"ak_js_1\" name=\"_wpcf7_ak_js\" value=\"233\"\/><script type=\"text\/javascript\">\n\/* <![CDATA[ *\/\ndocument.getElementById( \"ak_js_1\" ).setAttribute( \"value\", ( new Date() ).getTime() );\n\/* ]]> *\/\n<\/script>\n<\/p><div class=\"wpcf7-response-output\" aria-hidden=\"true\"><\/div>\n<\/form>\n<\/div>\n\t\t\t\t\t\t\t\t<\/div>\n\t\t\t\t<\/div>\n\t\t\t\t\t<\/div>\n\t\t<\/div>\n\t\t\t\t\t<\/div>\n\t\t<\/section>\n\t\t\t\t<section class=\"elementor-section elementor-top-section elementor-element elementor-element-14f8e93 elementor-section-stretched elementor-section-full_width elementor-section-height-default elementor-section-height-default\" data-id=\"14f8e93\" data-element_type=\"section\" data-e-type=\"section\" data-settings=\"{&quot;stretch_section&quot;:&quot;section-stretched&quot;,&quot;shape_divider_top&quot;:&quot;mountains&quot;}\">\n\t\t\t\t\t<div class=\"elementor-shape elementor-shape-top\" aria-hidden=\"true\" data-negative=\"false\">\n\t\t\t<svg xmlns=\"http:\/\/www.w3.org\/2000\/svg\" viewBox=\"0 0 1000 100\" preserveAspectRatio=\"none\">\n\t<path class=\"elementor-shape-fill\" opacity=\"0.33\" d=\"M473,67.3c-203.9,88.3-263.1-34-320.3,0C66,119.1,0,59.7,0,59.7V0h1000v59.7 c0,0-62.1,26.1-94.9,29.3c-32.8,3.3-62.8-12.3-75.8-22.1C806,49.6,745.3,8.7,694.9,4.7S492.4,59,473,67.3z\"\/>\n\t<path class=\"elementor-shape-fill\" opacity=\"0.66\" d=\"M734,67.3c-45.5,0-77.2-23.2-129.1-39.1c-28.6-8.7-150.3-10.1-254,39.1 s-91.7-34.4-149.2,0C115.7,118.3,0,39.8,0,39.8V0h1000v36.5c0,0-28.2-18.5-92.1-18.5C810.2,18.1,775.7,67.3,734,67.3z\"\/>\n\t<path class=\"elementor-shape-fill\" d=\"M766.1,28.9c-200-57.5-266,65.5-395.1,19.5C242,1.8,242,5.4,184.8,20.6C128,35.8,132.3,44.9,89.9,52.5C28.6,63.7,0,0,0,0 h1000c0,0-9.9,40.9-83.6,48.1S829.6,47,766.1,28.9z\"\/>\n<\/svg>\t\t<\/div>\n\t\t\t\t\t<div class=\"elementor-container elementor-column-gap-default\">\n\t\t\t\t\t<div class=\"elementor-column elementor-col-100 elementor-top-column elementor-element elementor-element-3df8918\" data-id=\"3df8918\" data-element_type=\"column\" data-e-type=\"column\">\n\t\t\t<div class=\"elementor-widget-wrap elementor-element-populated\">\n\t\t\t\t\t\t<div class=\"elementor-element elementor-element-9673fbd elementor-widget elementor-widget-image\" data-id=\"9673fbd\" data-element_type=\"widget\" data-e-type=\"widget\" data-widget_type=\"image.default\">\n\t\t\t\t<div class=\"elementor-widget-container\">\n\t\t\t\t\t\t\t\t\t\t\t\t\t\t\t<img fetchpriority=\"high\" decoding=\"async\" width=\"1920\" height=\"1275\" src=\"https:\/\/www.zeterinaires.fr\/nofakemed\/wp-content\/uploads\/2019\/04\/14239950277_131e044330_o.jpg\" class=\"attachment-full size-full wp-image-478\" alt=\"\" srcset=\"https:\/\/www.zeterinaires.fr\/nofakemed\/wp-content\/uploads\/2019\/04\/14239950277_131e044330_o.jpg 1920w, https:\/\/www.zeterinaires.fr\/nofakemed\/wp-content\/uploads\/2019\/04\/14239950277_131e044330_o-300x199.jpg 300w, https:\/\/www.zeterinaires.fr\/nofakemed\/wp-content\/uploads\/2019\/04\/14239950277_131e044330_o-1024x680.jpg 1024w, https:\/\/www.zeterinaires.fr\/nofakemed\/wp-content\/uploads\/2019\/04\/14239950277_131e044330_o-768x510.jpg 768w, https:\/\/www.zeterinaires.fr\/nofakemed\/wp-content\/uploads\/2019\/04\/14239950277_131e044330_o-1536x1020.jpg 1536w\" sizes=\"(max-width: 1920px) 100vw, 1920px\" \/>\t\t\t\t\t\t\t\t\t\t\t\t\t\t\t<\/div>\n\t\t\t\t<\/div>\n\t\t\t\t\t<\/div>\n\t\t<\/div>\n\t\t\t\t\t<\/div>\n\t\t<\/section>\n\t\t\t\t<\/div>\n\t\t","protected":false},"excerpt":{"rendered":"<p>Ce formulaire permet de contacter le collectif Z\u00e9t\u00e9rinaires. Aucune r\u00e9ponse ne sera donn\u00e9e pour toute question concernant un cas m\u00e9dical particulier. Si vous vous souhaitez avoir un avis m\u00e9dical v\u00e9t\u00e9rinaire, prenez directement contact avec votre v\u00e9t\u00e9rinaire.<\/p>\n","protected":false},"author":1,"featured_media":491,"parent":0,"menu_order":0,"comment_status":"closed","ping_status":"closed","template":"","meta":{"iawp_total_views":121,"footnotes":""},"class_list":["post-455","page","type-page","status-publish","has-post-thumbnail","hentry"],"yoast_head":"<!-- This site is optimized with the Yoast SEO plugin v27.4 - https:\/\/yoast.com\/product\/yoast-seo-wordpress\/ -->\n<title>Contact - Z\u00e9t\u00e9rinaires<\/title>\n<meta name=\"description\" content=\"Vous souhaitez contacterle collectif de Z\u00e9t\u00e9rinaires ? Utilisez ce formulaire.\" \/>\n<meta name=\"robots\" content=\"index, follow, max-snippet:-1, max-image-preview:large, max-video-preview:-1\" \/>\n<link rel=\"canonical\" href=\"https:\/\/www.zeterinaires.fr\/nofakemed\/contact\/\" \/>\n<meta property=\"og:locale\" content=\"fr_FR\" \/>\n<meta property=\"og:type\" content=\"article\" \/>\n<meta property=\"og:title\" content=\"Contact - Z\u00e9t\u00e9rinaires\" \/>\n<meta property=\"og:description\" content=\"Vous souhaitez contacterle collectif de Z\u00e9t\u00e9rinaires ? Utilisez ce formulaire.\" \/>\n<meta property=\"og:url\" content=\"https:\/\/www.zeterinaires.fr\/nofakemed\/contact\/\" \/>\n<meta property=\"og:site_name\" content=\"Z\u00e9t\u00e9rinaires\" \/>\n<meta property=\"article:publisher\" content=\"https:\/\/www.facebook.com\/zeterinaires\/\" \/>\n<meta property=\"article:modified_time\" content=\"2020-04-08T10:51:33+00:00\" \/>\n<meta property=\"og:image\" content=\"https:\/\/www.zeterinaires.fr\/nofakemed\/wp-content\/uploads\/2019\/04\/z\u00e9t\u00e9rinaires-version-bleue-1px-bl.png\" \/>\n\t<meta property=\"og:image:width\" content=\"1421\" \/>\n\t<meta property=\"og:image:height\" content=\"866\" \/>\n\t<meta property=\"og:image:type\" content=\"image\/png\" \/>\n<meta name=\"twitter:card\" content=\"summary_large_image\" \/>\n<meta name=\"twitter:site\" content=\"@zeterinaires\" \/>\n<script type=\"application\/ld+json\" class=\"yoast-schema-graph\">{\"@context\":\"https:\\\/\\\/schema.org\",\"@graph\":[{\"@type\":\"WebPage\",\"@id\":\"https:\\\/\\\/www.zeterinaires.fr\\\/nofakemed\\\/contact\\\/\",\"url\":\"https:\\\/\\\/www.zeterinaires.fr\\\/nofakemed\\\/contact\\\/\",\"name\":\"Contact - Z\u00e9t\u00e9rinaires\",\"isPartOf\":{\"@id\":\"https:\\\/\\\/www.zeterinaires.fr\\\/nofakemed\\\/#website\"},\"primaryImageOfPage\":{\"@id\":\"https:\\\/\\\/www.zeterinaires.fr\\\/nofakemed\\\/contact\\\/#primaryimage\"},\"image\":{\"@id\":\"https:\\\/\\\/www.zeterinaires.fr\\\/nofakemed\\\/contact\\\/#primaryimage\"},\"thumbnailUrl\":\"https:\\\/\\\/www.zeterinaires.fr\\\/nofakemed\\\/wp-content\\\/uploads\\\/2019\\\/04\\\/z\u00e9t\u00e9rinaires-version-bleue-1px-bl.png\",\"datePublished\":\"2019-04-07T08:48:26+00:00\",\"dateModified\":\"2020-04-08T10:51:33+00:00\",\"description\":\"Vous souhaitez contacterle collectif de Z\u00e9t\u00e9rinaires ? Utilisez ce formulaire.\",\"breadcrumb\":{\"@id\":\"https:\\\/\\\/www.zeterinaires.fr\\\/nofakemed\\\/contact\\\/#breadcrumb\"},\"inLanguage\":\"fr-FR\",\"potentialAction\":[{\"@type\":\"ReadAction\",\"target\":[\"https:\\\/\\\/www.zeterinaires.fr\\\/nofakemed\\\/contact\\\/\"]}]},{\"@type\":\"ImageObject\",\"inLanguage\":\"fr-FR\",\"@id\":\"https:\\\/\\\/www.zeterinaires.fr\\\/nofakemed\\\/contact\\\/#primaryimage\",\"url\":\"https:\\\/\\\/www.zeterinaires.fr\\\/nofakemed\\\/wp-content\\\/uploads\\\/2019\\\/04\\\/z\u00e9t\u00e9rinaires-version-bleue-1px-bl.png\",\"contentUrl\":\"https:\\\/\\\/www.zeterinaires.fr\\\/nofakemed\\\/wp-content\\\/uploads\\\/2019\\\/04\\\/z\u00e9t\u00e9rinaires-version-bleue-1px-bl.png\",\"width\":1421,\"height\":866},{\"@type\":\"BreadcrumbList\",\"@id\":\"https:\\\/\\\/www.zeterinaires.fr\\\/nofakemed\\\/contact\\\/#breadcrumb\",\"itemListElement\":[{\"@type\":\"ListItem\",\"position\":1,\"name\":\"Accueil\",\"item\":\"https:\\\/\\\/www.zeterinaires.fr\\\/nofakemed\\\/\"},{\"@type\":\"ListItem\",\"position\":2,\"name\":\"Contact\"}]},{\"@type\":\"WebSite\",\"@id\":\"https:\\\/\\\/www.zeterinaires.fr\\\/nofakemed\\\/#website\",\"url\":\"https:\\\/\\\/www.zeterinaires.fr\\\/nofakemed\\\/\",\"name\":\"Z\u00e9t\u00e9rinaires\",\"description\":\"Collectif V\u00e9t\u00e9rinaire #NoFakeMed\",\"publisher\":{\"@id\":\"https:\\\/\\\/www.zeterinaires.fr\\\/nofakemed\\\/#organization\"},\"potentialAction\":[{\"@type\":\"SearchAction\",\"target\":{\"@type\":\"EntryPoint\",\"urlTemplate\":\"https:\\\/\\\/www.zeterinaires.fr\\\/nofakemed\\\/?s={search_term_string}\"},\"query-input\":{\"@type\":\"PropertyValueSpecification\",\"valueRequired\":true,\"valueName\":\"search_term_string\"}}],\"inLanguage\":\"fr-FR\"},{\"@type\":\"Organization\",\"@id\":\"https:\\\/\\\/www.zeterinaires.fr\\\/nofakemed\\\/#organization\",\"name\":\"Z\u00e9t\u00e9rinaires\",\"url\":\"https:\\\/\\\/www.zeterinaires.fr\\\/nofakemed\\\/\",\"logo\":{\"@type\":\"ImageObject\",\"inLanguage\":\"fr-FR\",\"@id\":\"https:\\\/\\\/www.zeterinaires.fr\\\/nofakemed\\\/#\\\/schema\\\/logo\\\/image\\\/\",\"url\":\"https:\\\/\\\/www.zeterinaires.fr\\\/nofakemed\\\/wp-content\\\/uploads\\\/2020\\\/03\\\/cropped-LOGO_ZETES_NEW_PETIT.png\",\"contentUrl\":\"https:\\\/\\\/www.zeterinaires.fr\\\/nofakemed\\\/wp-content\\\/uploads\\\/2020\\\/03\\\/cropped-LOGO_ZETES_NEW_PETIT.png\",\"width\":200,\"height\":116,\"caption\":\"Z\u00e9t\u00e9rinaires\"},\"image\":{\"@id\":\"https:\\\/\\\/www.zeterinaires.fr\\\/nofakemed\\\/#\\\/schema\\\/logo\\\/image\\\/\"},\"sameAs\":[\"https:\\\/\\\/www.facebook.com\\\/zeterinaires\\\/\",\"https:\\\/\\\/x.com\\\/zeterinaires\"]}]}<\/script>\n<!-- \/ Yoast SEO plugin. -->","yoast_head_json":{"title":"Contact - Z\u00e9t\u00e9rinaires","description":"Vous souhaitez contacterle collectif de Z\u00e9t\u00e9rinaires ? Utilisez ce formulaire.","robots":{"index":"index","follow":"follow","max-snippet":"max-snippet:-1","max-image-preview":"max-image-preview:large","max-video-preview":"max-video-preview:-1"},"canonical":"https:\/\/www.zeterinaires.fr\/nofakemed\/contact\/","og_locale":"fr_FR","og_type":"article","og_title":"Contact - Z\u00e9t\u00e9rinaires","og_description":"Vous souhaitez contacterle collectif de Z\u00e9t\u00e9rinaires ? Utilisez ce formulaire.","og_url":"https:\/\/www.zeterinaires.fr\/nofakemed\/contact\/","og_site_name":"Z\u00e9t\u00e9rinaires","article_publisher":"https:\/\/www.facebook.com\/zeterinaires\/","article_modified_time":"2020-04-08T10:51:33+00:00","og_image":[{"width":1421,"height":866,"url":"https:\/\/www.zeterinaires.fr\/nofakemed\/wp-content\/uploads\/2019\/04\/z\u00e9t\u00e9rinaires-version-bleue-1px-bl.png","type":"image\/png"}],"twitter_card":"summary_large_image","twitter_site":"@zeterinaires","schema":{"@context":"https:\/\/schema.org","@graph":[{"@type":"WebPage","@id":"https:\/\/www.zeterinaires.fr\/nofakemed\/contact\/","url":"https:\/\/www.zeterinaires.fr\/nofakemed\/contact\/","name":"Contact - Z\u00e9t\u00e9rinaires","isPartOf":{"@id":"https:\/\/www.zeterinaires.fr\/nofakemed\/#website"},"primaryImageOfPage":{"@id":"https:\/\/www.zeterinaires.fr\/nofakemed\/contact\/#primaryimage"},"image":{"@id":"https:\/\/www.zeterinaires.fr\/nofakemed\/contact\/#primaryimage"},"thumbnailUrl":"https:\/\/www.zeterinaires.fr\/nofakemed\/wp-content\/uploads\/2019\/04\/z\u00e9t\u00e9rinaires-version-bleue-1px-bl.png","datePublished":"2019-04-07T08:48:26+00:00","dateModified":"2020-04-08T10:51:33+00:00","description":"Vous souhaitez contacterle collectif de Z\u00e9t\u00e9rinaires ? Utilisez ce formulaire.","breadcrumb":{"@id":"https:\/\/www.zeterinaires.fr\/nofakemed\/contact\/#breadcrumb"},"inLanguage":"fr-FR","potentialAction":[{"@type":"ReadAction","target":["https:\/\/www.zeterinaires.fr\/nofakemed\/contact\/"]}]},{"@type":"ImageObject","inLanguage":"fr-FR","@id":"https:\/\/www.zeterinaires.fr\/nofakemed\/contact\/#primaryimage","url":"https:\/\/www.zeterinaires.fr\/nofakemed\/wp-content\/uploads\/2019\/04\/z\u00e9t\u00e9rinaires-version-bleue-1px-bl.png","contentUrl":"https:\/\/www.zeterinaires.fr\/nofakemed\/wp-content\/uploads\/2019\/04\/z\u00e9t\u00e9rinaires-version-bleue-1px-bl.png","width":1421,"height":866},{"@type":"BreadcrumbList","@id":"https:\/\/www.zeterinaires.fr\/nofakemed\/contact\/#breadcrumb","itemListElement":[{"@type":"ListItem","position":1,"name":"Accueil","item":"https:\/\/www.zeterinaires.fr\/nofakemed\/"},{"@type":"ListItem","position":2,"name":"Contact"}]},{"@type":"WebSite","@id":"https:\/\/www.zeterinaires.fr\/nofakemed\/#website","url":"https:\/\/www.zeterinaires.fr\/nofakemed\/","name":"Z\u00e9t\u00e9rinaires","description":"Collectif V\u00e9t\u00e9rinaire #NoFakeMed","publisher":{"@id":"https:\/\/www.zeterinaires.fr\/nofakemed\/#organization"},"potentialAction":[{"@type":"SearchAction","target":{"@type":"EntryPoint","urlTemplate":"https:\/\/www.zeterinaires.fr\/nofakemed\/?s={search_term_string}"},"query-input":{"@type":"PropertyValueSpecification","valueRequired":true,"valueName":"search_term_string"}}],"inLanguage":"fr-FR"},{"@type":"Organization","@id":"https:\/\/www.zeterinaires.fr\/nofakemed\/#organization","name":"Z\u00e9t\u00e9rinaires","url":"https:\/\/www.zeterinaires.fr\/nofakemed\/","logo":{"@type":"ImageObject","inLanguage":"fr-FR","@id":"https:\/\/www.zeterinaires.fr\/nofakemed\/#\/schema\/logo\/image\/","url":"https:\/\/www.zeterinaires.fr\/nofakemed\/wp-content\/uploads\/2020\/03\/cropped-LOGO_ZETES_NEW_PETIT.png","contentUrl":"https:\/\/www.zeterinaires.fr\/nofakemed\/wp-content\/uploads\/2020\/03\/cropped-LOGO_ZETES_NEW_PETIT.png","width":200,"height":116,"caption":"Z\u00e9t\u00e9rinaires"},"image":{"@id":"https:\/\/www.zeterinaires.fr\/nofakemed\/#\/schema\/logo\/image\/"},"sameAs":["https:\/\/www.facebook.com\/zeterinaires\/","https:\/\/x.com\/zeterinaires"]}]}},"_links":{"self":[{"href":"https:\/\/www.zeterinaires.fr\/nofakemed\/wp-json\/wp\/v2\/pages\/455","targetHints":{"allow":["GET"]}}],"collection":[{"href":"https:\/\/www.zeterinaires.fr\/nofakemed\/wp-json\/wp\/v2\/pages"}],"about":[{"href":"https:\/\/www.zeterinaires.fr\/nofakemed\/wp-json\/wp\/v2\/types\/page"}],"author":[{"embeddable":true,"href":"https:\/\/www.zeterinaires.fr\/nofakemed\/wp-json\/wp\/v2\/users\/1"}],"replies":[{"embeddable":true,"href":"https:\/\/www.zeterinaires.fr\/nofakemed\/wp-json\/wp\/v2\/comments?post=455"}],"version-history":[{"count":0,"href":"https:\/\/www.zeterinaires.fr\/nofakemed\/wp-json\/wp\/v2\/pages\/455\/revisions"}],"wp:featuredmedia":[{"embeddable":true,"href":"https:\/\/www.zeterinaires.fr\/nofakemed\/wp-json\/wp\/v2\/media\/491"}],"wp:attachment":[{"href":"https:\/\/www.zeterinaires.fr\/nofakemed\/wp-json\/wp\/v2\/media?parent=455"}],"curies":[{"name":"wp","href":"https:\/\/api.w.org\/{rel}","templated":true}]}}